{"id":3698,"date":"2026-03-28T20:31:00","date_gmt":"2026-03-28T20:31:00","guid":{"rendered":"https:\/\/flowvent.ca\/?page_id=3698"},"modified":"2026-04-22T15:32:35","modified_gmt":"2026-04-22T15:32:35","slug":"avoid-the-bait-and-switch-duct-cleaning-scam","status":"publish","type":"page","link":"https:\/\/flowvent.ca\/fr\/avoid-the-bait-and-switch-duct-cleaning-scam\/","title":{"rendered":"\u00c9vitez les arnaques de nettoyage de conduits \u00e0 bas prix avec des frais cach\u00e9s"},"content":{"rendered":"<div data-elementor-type=\"wp-page\" data-elementor-id=\"3698\" class=\"elementor elementor-3698\">\n\t\t\t\t<div class=\"elementor-element elementor-element-495d06a e-flex e-con-boxed rt-default-class e-con e-parent\" data-id=\"495d06a\" data-element_type=\"container\" data-e-type=\"container\">\n\t\t\t\t\t<div class=\"e-con-inner\">\n\t\t\t\t<div class=\"elementor-element elementor-element-97cf5ae rt-default-class elementor-widget elementor-widget-heading\" data-id=\"97cf5ae\" data-element_type=\"widget\" data-e-type=\"widget\" data-widget_type=\"heading.default\">\n\t\t\t\t<div class=\"elementor-widget-container\">\n\t\t\t\t\t<h2 class=\"elementor-heading-title elementor-size-default\">\u00c9vitez les arnaques de nettoyage de conduits \u00e0 bas prix avec des frais cach\u00e9s<\/h2>\t\t\t\t<\/div>\n\t\t\t\t<\/div>\n\t\t\t\t\t<\/div>\n\t\t\t\t<\/div>\n\t\t<div class=\"elementor-element elementor-element-88ba1c4 e-flex e-con-boxed rt-default-class e-con e-parent\" data-id=\"88ba1c4\" data-element_type=\"container\" data-e-type=\"container\">\n\t\t\t\t\t<div class=\"e-con-inner\">\n\t\t\t\t<div class=\"elementor-element elementor-element-d24ec1e rt-default-class elementor-widget elementor-widget-text-editor\" data-id=\"d24ec1e\" data-element_type=\"widget\" data-e-type=\"widget\" data-widget_type=\"text-editor.default\">\n\t\t\t\t<div class=\"elementor-widget-container\">\n\t\t\t\t\t\t\t\t\t<p>Chaque ann\u00e9e, des propri\u00e9taires sont attir\u00e9s par des prix tr\u00e8s bas annonc\u00e9s pour le nettoyage de conduits \u2014 pour ensuite se retrouver avec des frais impr\u00e9vus une fois les techniciens sur place. Comprendre ces pratiques peut vous aider \u00e0 \u00e9viter de payer trop cher et \u00e0 vous assurer d\u2019obtenir un service complet et professionnel.<\/p>\t\t\t\t\t\t\t\t<\/div>\n\t\t\t\t<\/div>\n\t\t\t\t\t<\/div>\n\t\t\t\t<\/div>\n\t\t<div class=\"elementor-element elementor-element-19b6d2e e-flex e-con-boxed rt-default-class e-con e-parent\" data-id=\"19b6d2e\" data-element_type=\"container\" data-e-type=\"container\">\n\t\t\t\t\t<div class=\"e-con-inner\">\n\t\t\t\t<div class=\"elementor-element elementor-element-39c827d rt-default-class elementor-widget elementor-widget-heading\" data-id=\"39c827d\" data-element_type=\"widget\" data-e-type=\"widget\" data-widget_type=\"heading.default\">\n\t\t\t\t<div class=\"elementor-widget-container\">\n\t\t\t\t\t<h2 class=\"elementor-heading-title elementor-size-default\">Comment ces arnaques fonctionnent g\u00e9n\u00e9ralement\n<\/h2>\t\t\t\t<\/div>\n\t\t\t\t<\/div>\n\t\t\t\t\t<\/div>\n\t\t\t\t<\/div>\n\t\t<div class=\"elementor-element elementor-element-39fa6a6 e-flex e-con-boxed rt-default-class e-con e-parent\" data-id=\"39fa6a6\" data-element_type=\"container\" data-e-type=\"container\">\n\t\t\t\t\t<div class=\"e-con-inner\">\n\t\t\t\t<div class=\"elementor-element elementor-element-6e22859 rt-default-class elementor-widget elementor-widget-text-editor\" data-id=\"6e22859\" data-element_type=\"widget\" data-e-type=\"widget\" data-widget_type=\"text-editor.default\">\n\t\t\t\t<div class=\"elementor-widget-container\">\n\t\t\t\t\t\t\t\t\t<p><strong>Attirer avec un prix irr\u00e9aliste<\/strong><\/p><p>Des offres comme \u00ab 350 $ \u2013 10 conduits inclus \/ 15 $ par conduit suppl\u00e9mentaire \u00bb sont con\u00e7ues pour attirer les propri\u00e9taires soucieux de leur budget.<\/p><p><strong>Cr\u00e9er un sentiment d\u2019urgence avec des pr\u00e9occupations vagues sur la sant\u00e9<\/strong><\/p><p>Certaines publicit\u00e9s laissent entendre que la qualit\u00e9 de l\u2019air est \u00e0 risque, vous poussant \u00e0 agir rapidement.<\/p><p><strong>Ajouter des frais impr\u00e9vus une fois sur place<\/strong><\/p><p>Une fois le travail commenc\u00e9, des services \u00ab n\u00e9cessaires \u00bb sont ajout\u00e9s \u2014 ce qui fait souvent grimper la facture bien au-del\u00e0 du prix initial.<\/p><p><strong>Vous laisser avec un service incomplet<\/strong><\/p><p>M\u00eame si vous refusez les frais suppl\u00e9mentaires, le prix annonc\u00e9 ne couvre souvent qu\u2019un service rapide. R\u00e9sultat : des \u00e9tapes essentielles ne sont pas effectu\u00e9es.<\/p>\t\t\t\t\t\t\t\t<\/div>\n\t\t\t\t<\/div>\n\t\t\t\t\t<\/div>\n\t\t\t\t<\/div>\n\t\t<div class=\"elementor-element elementor-element-d687928 e-flex e-con-boxed rt-default-class e-con e-parent\" data-id=\"d687928\" data-element_type=\"container\" data-e-type=\"container\">\n\t\t\t\t\t<div class=\"e-con-inner\">\n\t\t\t\t<div class=\"elementor-element elementor-element-bb2f48b rt-default-class elementor-widget elementor-widget-heading\" data-id=\"bb2f48b\" data-element_type=\"widget\" data-e-type=\"widget\" data-widget_type=\"heading.default\">\n\t\t\t\t<div class=\"elementor-widget-container\">\n\t\t\t\t\t<h2 class=\"elementor-heading-title elementor-size-default\">Pourquoi c\u2019est important\n<\/h2>\t\t\t\t<\/div>\n\t\t\t\t<\/div>\n\t\t\t\t\t<\/div>\n\t\t\t\t<\/div>\n\t\t<div class=\"elementor-element elementor-element-f2d92df e-flex e-con-boxed rt-default-class e-con e-parent\" data-id=\"f2d92df\" data-element_type=\"container\" data-e-type=\"container\">\n\t\t\t\t\t<div class=\"e-con-inner\">\n\t\t\t\t<div class=\"elementor-element elementor-element-f43ec6f rt-default-class elementor-widget elementor-widget-text-editor\" data-id=\"f43ec6f\" data-element_type=\"widget\" data-e-type=\"widget\" data-widget_type=\"text-editor.default\">\n\t\t\t\t<div class=\"elementor-widget-container\">\n\t\t\t\t\t\t\t\t\t<p>Ces pratiques co\u00fbtent non seulement plus cher aux propri\u00e9taires, mais peuvent aussi entra\u00eener un nettoyage incomplet des conduits\u2014laissant derri\u00e8re eux de la poussi\u00e8re, des allerg\u00e8nes et des d\u00e9bris qui continuent d\u2019affecter la qualit\u00e9 de l\u2019air et l\u2019efficacit\u00e9 du syst\u00e8me.<\/p><p>Comprendre ces tactiques vous permet de poser les bonnes questions, de comparer les soumissions ad\u00e9quatement et d\u2019\u00e9viter d\u2019\u00eatre pouss\u00e9 vers des services inutiles.<\/p>\t\t\t\t\t\t\t\t<\/div>\n\t\t\t\t<\/div>\n\t\t\t\t\t<\/div>\n\t\t\t\t<\/div>\n\t\t<div class=\"elementor-element elementor-element-02466f5 e-flex e-con-boxed rt-default-class e-con e-parent\" data-id=\"02466f5\" data-element_type=\"container\" data-e-type=\"container\">\n\t\t\t\t\t<div class=\"e-con-inner\">\n\t\t\t\t<div class=\"elementor-element elementor-element-846f566 elementor-widget-divider--view-line rt-default-class elementor-widget elementor-widget-divider\" data-id=\"846f566\" data-element_type=\"widget\" data-e-type=\"widget\" data-widget_type=\"divider.default\">\n\t\t\t\t<div class=\"elementor-widget-container\">\n\t\t\t\t\t\t\t<div class=\"elementor-divider\">\n\t\t\t<span class=\"elementor-divider-separator\">\n\t\t\t\t\t\t<\/span>\n\t\t<\/div>\n\t\t\t\t\t\t<\/div>\n\t\t\t\t<\/div>\n\t\t\t\t\t<\/div>\n\t\t\t\t<\/div>\n\t\t<div class=\"elementor-element elementor-element-704a2f2 e-flex e-con-boxed rt-default-class e-con e-parent\" data-id=\"704a2f2\" data-element_type=\"container\" data-e-type=\"container\">\n\t\t\t\t\t<div class=\"e-con-inner\">\n\t\t\t\t<div class=\"elementor-element elementor-element-9b109cb rt-default-class elementor-widget elementor-widget-heading\" data-id=\"9b109cb\" data-element_type=\"widget\" data-e-type=\"widget\" data-widget_type=\"heading.default\">\n\t\t\t\t<div class=\"elementor-widget-container\">\n\t\t\t\t\t<h2 class=\"elementor-heading-title elementor-size-default\">Obtenez une soumission honn\u00eate et transparente\n<\/h2>\t\t\t\t<\/div>\n\t\t\t\t<\/div>\n\t\t\t\t\t<\/div>\n\t\t\t\t<\/div>\n\t\t<div class=\"elementor-element elementor-element-01f2f4a e-flex e-con-boxed rt-default-class e-con e-parent\" data-id=\"01f2f4a\" data-element_type=\"container\" data-e-type=\"container\">\n\t\t\t\t\t<div class=\"e-con-inner\">\n\t\t\t\t<div class=\"elementor-element elementor-element-0ec3068 rt-default-class elementor-widget elementor-widget-text-editor\" data-id=\"0ec3068\" data-element_type=\"widget\" data-e-type=\"widget\" data-widget_type=\"text-editor.default\">\n\t\t\t\t<div class=\"elementor-widget-container\">\n\t\t\t\t\t\t\t\t\t<p>Chez FlowVent, nous croyons \u00e0 une tarification claire et transparente, sans surprise. Nos soumissions sont bas\u00e9es sur l\u2019ensemble de votre syst\u00e8me \u2014 et non sur une simple portion \u2014 afin que vous sachiez exactement \u00e0 quoi vous attendre. Gr\u00e2ce \u00e0 nos tarifs justes pour les services compl\u00e9mentaires comme le nettoyage de conduit de s\u00e9cheuse, le nettoyage de serpentin, l\u2019entretien de l\u2019\u00e9changeur d\u2019air et le nettoyage des ventilateurs de salle de bain, nos forfaits offrent une valeur exceptionnelle.<\/p>\t\t\t\t\t\t\t\t<\/div>\n\t\t\t\t<\/div>\n\t\t\t\t\t<\/div>\n\t\t\t\t<\/div>\n\t\t<div class=\"elementor-element elementor-element-07539cf e-flex e-con-boxed rt-default-class e-con e-parent\" data-id=\"07539cf\" data-element_type=\"container\" data-e-type=\"container\">\n\t\t\t\t\t<div class=\"e-con-inner\">\n\t\t\t\t<div class=\"elementor-element elementor-element-48fefe2 rt-default-class elementor-widget elementor-widget-button\" data-id=\"48fefe2\" data-element_type=\"widget\" data-e-type=\"widget\" data-widget_type=\"button.default\">\n\t\t\t\t<div class=\"elementor-widget-container\">\n\t\t\t\t\t\t\t\t\t<div class=\"elementor-button-wrapper\">\n\t\t\t\t\t<a class=\"elementor-button elementor-button-link elementor-size-sm\" href=\"https:\/\/flowvent.ca\/fr\/contact\/\">\n\t\t\t\t\t\t<span class=\"elementor-button-content-wrapper\">\n\t\t\t\t\t\t\t\t\t<span class=\"elementor-button-text\">Obtenez votre soumission gratuite<\/span>\n\t\t\t\t\t<\/span>\n\t\t\t\t\t<\/a>\n\t\t\t\t<\/div>\n\t\t\t\t\t\t\t\t<\/div>\n\t\t\t\t<\/div>\n\t\t\t\t\t<\/div>\n\t\t\t\t<\/div>\n\t\t\t\t<\/div>","protected":false},"excerpt":{"rendered":"<p>Avoid the Bait-and-Switch Duct Cleaning Scam Every year, homeowners are drawn in by low advertised prices for duct cleaning\u2014only to face unexpected add-ons once technicians are inside the home. Understanding how these tactics work can help you avoid overpaying and ensure you receive a complete, professional service. How the Scam Typically Unfolds 1. Attract with&#8230;<\/p>","protected":false},"author":3,"featured_media":0,"parent":0,"menu_order":0,"comment_status":"closed","ping_status":"closed","template":"elementor_canvas","meta":{"_coblocks_attr":"","_coblocks_dimensions":"","_coblocks_responsive_height":"","_coblocks_accordion_ie_support":"","_monsterinsights_skip_tracking":false,"_monsterinsights_sitenote_active":false,"_monsterinsights_sitenote_note":"","_monsterinsights_sitenote_category":0,"footnotes":""},"class_list":["post-3698","page","type-page","status-publish","hentry"],"aioseo_notices":[],"_links":{"self":[{"href":"https:\/\/flowvent.ca\/fr\/wp-json\/wp\/v2\/pages\/3698","targetHints":{"allow":["GET"]}}],"collection":[{"href":"https:\/\/flowvent.ca\/fr\/wp-json\/wp\/v2\/pages"}],"about":[{"href":"https:\/\/flowvent.ca\/fr\/wp-json\/wp\/v2\/types\/page"}],"author":[{"embeddable":true,"href":"https:\/\/flowvent.ca\/fr\/wp-json\/wp\/v2\/users\/3"}],"replies":[{"embeddable":true,"href":"https:\/\/flowvent.ca\/fr\/wp-json\/wp\/v2\/comments?post=3698"}],"version-history":[{"count":31,"href":"https:\/\/flowvent.ca\/fr\/wp-json\/wp\/v2\/pages\/3698\/revisions"}],"predecessor-version":[{"id":3903,"href":"https:\/\/flowvent.ca\/fr\/wp-json\/wp\/v2\/pages\/3698\/revisions\/3903"}],"wp:attachment":[{"href":"https:\/\/flowvent.ca\/fr\/wp-json\/wp\/v2\/media?parent=3698"}],"curies":[{"name":"wp","href":"https:\/\/api.w.org\/{rel}","templated":true}]}}